{"id":26383,"date":"2026-03-01T13:08:29","date_gmt":"2026-03-01T10:08:29","guid":{"rendered":"https:\/\/uat.atrade.gr\/product\/%ce%b6%cf%85%ce%b3%ce%b1%cf%81%ce%b9%ce%ac-%ce%bc%cf%80%ce%ac%ce%bd%ce%b9%ce%bf%cf%85-%ce%bc%ce%b5-%ce%b2%ce%b9%ce%bf%ce%bc%ce%b5%cf%84%cf%81%ce%b9%ce%ba%ce%ad%cf%82-%ce%bc%ce%b5%cf%84%cf%81%ce%ae-2\/"},"modified":"2026-03-01T13:08:35","modified_gmt":"2026-03-01T10:08:35","slug":"%ce%b6%cf%85%ce%b3%ce%b1%cf%81%ce%b9%ce%ac-%ce%bc%cf%80%ce%ac%ce%bd%ce%b9%ce%bf%cf%85-%ce%bc%ce%b5-%ce%b2%ce%b9%ce%bf%ce%bc%ce%b5%cf%84%cf%81%ce%b9%ce%ba%ce%ad%cf%82-%ce%bc%ce%b5%cf%84%cf%81%ce%ae-2","status":"publish","type":"product","link":"https:\/\/uat.atrade.gr\/en\/product\/%ce%b6%cf%85%ce%b3%ce%b1%cf%81%ce%b9%ce%ac-%ce%bc%cf%80%ce%ac%ce%bd%ce%b9%ce%bf%cf%85-%ce%bc%ce%b5-%ce%b2%ce%b9%ce%bf%ce%bc%ce%b5%cf%84%cf%81%ce%b9%ce%ba%ce%ad%cf%82-%ce%bc%ce%b5%cf%84%cf%81%ce%ae-2\/","title":{"rendered":"\u0396\u03c5\u03b3\u03b1\u03c1\u03b9\u03ac \u039c\u03c0\u03ac\u03bd\u03b9\u03bf\u03c5 \u03bc\u03b5 \u0392\u03b9\u03bf\u03bc\u03b5\u03c4\u03c1\u03b9\u03ba\u03ad\u03c2 \u039c\u03b5\u03c4\u03c1\u03ae\u03c3\u03b5\u03b9\u03c2 \u03ba\u03b1\u03b9 12 \u039c\u03bd\u03ae\u03bc\u03b5\u03c2 Sencor SBS 6026BK \u039c\u03b1\u03cd\u03c1\u03b7"},"content":{"rendered":"<p>\u039c\u03b9\u03b1 \u03c0\u03c1\u03bf\u03c3\u03c9\u03c0\u03b9\u03ba\u03ae \u03b6\u03c5\u03b3\u03b1\u03c1\u03b9\u03ac \u03c6\u03c5\u03c3\u03b9\u03ba\u03ae\u03c2 \u03ba\u03b1\u03c4\u03ac\u03c3\u03c4\u03b1\u03c3\u03b7\u03c2 \u03c0\u03bf\u03c5 \u03c3\u03b1\u03c2 \u03b4\u03af\u03bd\u03b5\u03b9 \u03c4\u03b7 \u03b4\u03c5\u03bd\u03b1\u03c4\u03cc\u03c4\u03b7\u03c4\u03b1 \u03bd\u03b1 \u03b1\u03c0\u03bf\u03ba\u03c4\u03ae\u03c3\u03b5\u03c4\u03b5 \u03bc\u03b9\u03b1 \u03b5\u03c0\u03b9\u03c3\u03ba\u03cc\u03c0\u03b7\u03c3\u03b7 \u03c4\u03b7\u03c2 \u03ba\u03b1\u03c4\u03ac\u03c3\u03c4\u03b1\u03c3\u03b7\u03c2 \u03c4\u03bf\u03c5 \u03c3\u03ce\u03bc\u03b1\u03c4\u03cc\u03c2 \u03c3\u03b1\u03c2 \u03b3\u03c1\u03ae\u03b3\u03bf\u03c1\u03b1 \u03ba\u03b1\u03b9 \u03b5\u03cd\u03ba\u03bf\u03bb\u03b1. \u0397 \u03b6\u03c5\u03b3\u03b1\u03c1\u03b9\u03ac \u03bc\u03b5\u03c4\u03c1\u03ac \u03c0\u03b5\u03c1\u03b9\u03c3\u03c3\u03cc\u03c4\u03b5\u03c1\u03b1 \u03b1\u03c0\u03cc \u03c4\u03bf \u03b2\u03ac\u03c1\u03bf\u03c2, \u03bc\u03b5\u03c4\u03c1\u03ac \u03ba\u03b1\u03b9 \u03c4\u03b9\u03c2 \u03c0\u03b1\u03c1\u03b1\u03bc\u03ad\u03c4\u03c1\u03bf\u03c5\u03c2 \u03c4\u03bf\u03c5 \u03c3\u03ce\u03bc\u03b1\u03c4\u03bf\u03c2 \u03ba\u03b1\u03b9 \u03c4\u03b9\u03c2 \u03b1\u03bd\u03b1\u03bb\u03cd\u03b5\u03b9. \u039f \u03ad\u03bb\u03b5\u03b3\u03c7\u03bf\u03c2 \u03c4\u03b7\u03c2 \u03b6\u03c5\u03b3\u03b1\u03c1\u03b9\u03ac\u03c2 \u03b5\u03af\u03bd\u03b1\u03b9 \u03b5\u03c0\u03af\u03c3\u03b7\u03c2 \u03b5\u03cd\u03ba\u03bf\u03bb\u03bf\u03c2 \u03c7\u03c1\u03b7\u03c3\u03b9\u03bc\u03bf\u03c0\u03bf\u03b9\u03ce\u03bd\u03c4\u03b1\u03c2 \u03ba\u03bf\u03c5\u03bc\u03c0\u03b9\u03ac \u03b1\u03c6\u03ae\u03c2 \u03ba\u03b1\u03b9 \u03b5\u03c5\u03b1\u03bd\u03ac\u03b3\u03bd\u03c9\u03c3\u03c4\u03b7 \u03bf\u03b8\u03cc\u03bd\u03b7 \u03bc\u03b5 \u03bf\u03c0\u03af\u03c3\u03b8\u03b9\u03bf \u03c6\u03c9\u03c4\u03b9\u03c3\u03bc\u03cc. \u0397 \u03b6\u03c5\u03b3\u03b1\u03c1\u03b9\u03ac \u03b8\u03b1 \u03c4\u03c1\u03b1\u03b2\u03ae\u03be\u03b5\u03b9 \u03b5\u03c0\u03af\u03c3\u03b7\u03c2 \u03c4\u03b7\u03bd \u03c0\u03c1\u03bf\u03c3\u03bf\u03c7\u03ae \u03c7\u03ac\u03c1\u03b7 \u03c3\u03c4\u03bf \u03c3\u03c7\u03b5\u03b4\u03b9\u03b1\u03c3\u03bc\u03cc \u03c4\u03b7\u03c2 \u03bc\u03b5 \u03bc\u03b9\u03b1 \u03b3\u03c5\u03ac\u03bb\u03b9\u03bd\u03b7 \u03c0\u03bb\u03b1\u03c4\u03c6\u03cc\u03c1\u03bc\u03b1 \u03b6\u03cd\u03b3\u03b9\u03c3\u03b7\u03c2. \u0391\u03c5\u03c4\u03cc \u03ba\u03b1\u03b8\u03b9\u03c3\u03c4\u03ac \u03c4\u03b7 \u03b6\u03c5\u03b3\u03b1\u03c1\u03b9\u03ac \u03b9\u03b4\u03b1\u03bd\u03b9\u03ba\u03ae \u03b3\u03b9\u03b1 \u03ba\u03ac\u03b8\u03b5 \u03b4\u03c9\u03bc\u03ac\u03c4\u03b9\u03bf \u03ba\u03b1\u03b9 \u03b5\u03af\u03bd\u03b1\u03b9 \u03b5\u03cd\u03ba\u03bf\u03bb\u03bf \u03bd\u03b1 \u03ba\u03b1\u03b8\u03b1\u03c1\u03b9\u03c3\u03c4\u03b5\u03af \u03ba\u03b1\u03b9 \u03bd\u03b1 \u03c3\u03c5\u03bd\u03c4\u03b7\u03c1\u03b7\u03b8\u03b5\u03af. \u039c\u03ad\u03c4\u03c1\u03b7\u03c3\u03b7 \u03c0\u03b1\u03c1\u03b1\u03bc\u03ad\u03c4\u03c1\u03c9\u03bd \u03c3\u03ce\u03bc\u03b1\u03c4\u03bf\u03c2: \u03a3\u03c9\u03bc\u03b1\u03c4\u03b9\u03ba\u03cc \u03bb\u03af\u03c0\u03bf\u03c2 %, \u039d\u03b5\u03c1\u03cc %, \u039c\u03cd\u03b5\u03c2 %, \u039f\u03c3\u03c4\u03ac %, \u039c\u03bd\u03ae\u03bc\u03b7 BMI \u03b3\u03b9\u03b1 12 \u03c7\u03c1\u03ae\u03c3\u03c4\u03b5\u03c2 \u03a3\u03ba\u03bb\u03b7\u03c1\u03c5\u03bc\u03ad\u03bd\u03bf \u03b3\u03c5\u03b1\u03bb\u03af \u03b1\u03c3\u03c6\u03b1\u03bb\u03b5\u03af\u03b1\u03c2 (6 mm) \u03a3\u03c5\u03bd\u03b4\u03c5\u03b1\u03c3\u03bc\u03cc\u03c2 \u03b3\u03c5\u03b1\u03bb\u03b9\u03bf\u03cd \u03ba\u03b1\u03b9 \u03b5\u03c0\u03b9\u03c6\u03ac\u03bd\u03b5\u03b9\u03b1\u03c2 \u03b1\u03c0\u03cc \u03b1\u03bd\u03bf\u03be\u03b5\u03af\u03b4\u03c9\u03c4\u03bf \u03c7\u03ac\u03bb\u03c5\u03b2\u03b1 \u03b3\u03b9\u03b1 \u03b5\u03cd\u03ba\u03bf\u03bb\u03b7 \u03c3\u03c5\u03bd\u03c4\u03ae\u03c1\u03b7\u03c3\u03b7 \u039c\u03b5\u03b3\u03ac\u03bb\u03b7 \u03bf\u03b8\u03cc\u03bd\u03b7 LCD \u03bc\u03b5 \u03bf\u03c0\u03af\u03c3\u03b8\u03b9\u03bf \u03c6\u03c9\u03c4\u03b9\u03c3\u03bc\u03cc \u03a7\u03b5\u03b9\u03c1\u03b9\u03c3\u03c4\u03ae\u03c1\u03b9\u03b1 \u03b1\u03c6\u03ae\u03c2 \u0395\u03cd\u03c1\u03bf\u03c2 \u03b6\u03cd\u03b3\u03b9\u03c3\u03b7\u03c2 \u03ad\u03c9\u03c2 180 kg (\u03b1\u03bd\u03ac\u03bb\u03c5\u03c3\u03b7 100 g) \u039b\u03b5\u03b9\u03c4\u03bf\u03c5\u03c1\u03b3\u03af\u03b1 \u03b1\u03c5\u03c4\u03cc\u03bc\u03b1\u03c4\u03b7\u03c2 \u03b5\u03bd\u03b5\u03c1\u03b3\u03bf\u03c0\u03bf\u03af\u03b7\u03c3\u03b7\u03c2 (\u03b7 \u03b6\u03c5\u03b3\u03b1\u03c1\u03b9\u03ac \u03b6\u03c5\u03b3\u03af\u03b6\u03b5\u03b9 \u03b1\u03bc\u03ad\u03c3\u03c9\u03c2 \u03cc\u03c4\u03b1\u03bd \u03c0\u03b1\u03c4\u03b7\u03b8\u03b5\u03af) \u039b\u03b5\u03b9\u03c4\u03bf\u03c5\u03c1\u03b3\u03af\u03b1 \u03b1\u03c5\u03c4\u03cc\u03bc\u03b1\u03c4\u03b7\u03c2 \u03b1\u03bd\u03b1\u03b3\u03bd\u03ce\u03c1\u03b9\u03c3\u03b7\u03c2 \u03c7\u03c1\u03ae\u03c3\u03c4\u03b7 \u0395\u03b9\u03b4\u03b9\u03ba\u03ae \u03bb\u03b5\u03b9\u03c4\u03bf\u03c5\u03c1\u03b3\u03af\u03b1 \u03b5\u03bd\u03b5\u03c1\u03b3\u03bf\u03cd \u03b1\u03b8\u03bb\u03b7\u03c4\u03ae \u0395\u03c0\u03b9\u03bb\u03bf\u03b3\u03ae \u03b5\u03c0\u03b9\u03bb\u03bf\u03b3\u03ae\u03c2 \u03bc\u03bf\u03bd\u03ac\u03b4\u03b1\u03c2 (kg \/ lb \/ st:lb) \u0388\u03bd\u03b4\u03b5\u03b9\u03be\u03b7 \u03b5\u03c0\u03af\u03c0\u03b5\u03b4\u03b7\u03c2 \u03bc\u03c0\u03b1\u03c4\u03b1\u03c1\u03af\u03b1\u03c2 \u03ba\u03b1\u03b9 \u03ad\u03bd\u03b4\u03b5\u03b9\u03be\u03b7 \u03c5\u03c0\u03b5\u03c1\u03c6\u03cc\u03c1\u03c4\u03c9\u03c3\u03b7\u03c2 \u0391\u03c5\u03c4\u03cc\u03bc\u03b1\u03c4\u03b7 \u03b1\u03c0\u03b5\u03bd\u03b5\u03c1\u03b3\u03bf\u03c0\u03bf\u03af\u03b7\u03c3\u03b7 \u03c3\u03b5 \u03ba\u03b1\u03c4\u03ac\u03c3\u03c4\u03b1\u03c3\u03b7 \u03b1\u03b4\u03c1\u03ac\u03bd\u03b5\u03b9\u03b1\u03c2 \u03a4\u03b5\u03c7\u03bd\u03b9\u03ba\u03ad\u03c2 \u03c0\u03c1\u03bf\u03b4\u03b9\u03b1\u03b3\u03c1\u03b1\u03c6\u03ad\u03c2 \u03a0\u03b7\u03b3\u03ae \u03b9\u03c3\u03c7\u03cd\u03bf\u03c2 3\u00d7 1,5 V \u03c4\u03cd\u03c0\u03bf\u03c5 \u03bc\u03c0\u03b1\u03c4\u03b1\u03c1\u03af\u03b5\u03c2 AAA \u03a7\u03c9\u03c1\u03b7\u03c4\u03b9\u03ba\u03cc\u03c4\u03b7\u03c4\u03b1 \u03b6\u03cd\u03b3\u03b9\u03c3\u03b7\u03c2 180 kg \/ 400 lg \/ 28 st \u0391\u03ba\u03c1\u03af\u03b2\u03b5\u03b9\u03b1 \u03b6\u03cd\u03b3\u03b9\u03c3\u03b7\u03c2 100 g \/ 0,2 lg \u0395\u03c0\u03b9\u03bb\u03bf\u03b3\u03ae \u03bc\u03bf\u03bd\u03ac\u03b4\u03b1\u03c2 \u03b2\u03ac\u03c1\u03bf\u03c5\u03c2 kg \/ lb \/ st \u039c\u03bd\u03ae\u03bc\u03b7 \u03b3\u03b9\u03b1 \u03ad\u03c9\u03c2 \u03ba\u03b1\u03b9 12 \u03c7\u03c1\u03ae\u03c3\u03c4\u03b5\u03c2 \u0391\u03c1\u03b9\u03b8\u03bc\u03cc\u03c2 \u03b5\u03c6\u03b1\u03c1\u03bc\u03bf\u03b3\u03ae\u03c2 \u0394\u03b9\u03b1\u03c3\u03c4\u03ac\u03c3\u03b5\u03b9\u03c2 30,3 \u00d7 30,2 \u00d7 30,2 \u00d7 cm \u0392\u03ac\u03c1\u03bf\u03c2 \u03a7\u03c1\u03ce\u03bc\u03b1 \u039b\u03b5\u03c5\u03ba\u03cc<\/p>","protected":false},"excerpt":{"rendered":"<p>\u039c\u03b9\u03b1 \u03c0\u03c1\u03bf\u03c3\u03c9\u03c0\u03b9\u03ba\u03ae \u03b6\u03c5\u03b3\u03b1\u03c1\u03b9\u03ac \u03c6\u03c5\u03c3\u03b9\u03ba\u03ae\u03c2 \u03ba\u03b1\u03c4\u03ac\u03c3\u03c4\u03b1\u03c3\u03b7\u03c2 \u03c0\u03bf\u03c5 \u03c3\u03b1\u03c2 \u03b4\u03af\u03bd\u03b5\u03b9 \u03c4\u03b7 \u03b4\u03c5\u03bd\u03b1\u03c4\u03cc\u03c4\u03b7\u03c4\u03b1 \u03bd\u03b1 \u03b1\u03c0\u03bf\u03ba\u03c4\u03ae\u03c3\u03b5\u03c4\u03b5 \u03bc\u03b9\u03b1 \u03b5\u03c0\u03b9\u03c3\u03ba\u03cc\u03c0\u03b7\u03c3\u03b7 \u03c4\u03b7\u03c2 \u03ba\u03b1\u03c4\u03ac\u03c3\u03c4\u03b1\u03c3\u03b7\u03c2 \u03c4\u03bf\u03c5 \u03c3\u03ce\u03bc\u03b1\u03c4\u03cc\u03c2 \u03c3\u03b1\u03c2 \u03b3\u03c1\u03ae\u03b3\u03bf\u03c1\u03b1 \u03ba\u03b1\u03b9 \u03b5\u03cd\u03ba\u03bf\u03bb\u03b1. \u0397 \u03b6\u03c5\u03b3\u03b1\u03c1\u03b9\u03ac \u03bc\u03b5\u03c4\u03c1\u03ac \u03c0\u03b5\u03c1\u03b9\u03c3\u03c3\u03cc\u03c4\u03b5\u03c1\u03b1 \u03b1\u03c0\u03cc \u03c4\u03bf \u03b2\u03ac\u03c1\u03bf\u03c2, \u03bc\u03b5\u03c4\u03c1\u03ac \u03ba\u03b1\u03b9 \u03c4\u03b9\u03c2 \u03c0\u03b1\u03c1\u03b1\u03bc\u03ad\u03c4\u03c1\u03bf\u03c5\u03c2 \u03c4\u03bf\u03c5 \u03c3\u03ce\u03bc\u03b1\u03c4\u03bf\u03c2 \u03ba\u03b1\u03b9 \u03c4\u03b9\u03c2 \u03b1\u03bd\u03b1\u03bb\u03cd\u03b5\u03b9. \u039f \u03ad\u03bb\u03b5\u03b3\u03c7\u03bf\u03c2 \u03c4\u03b7\u03c2 \u03b6\u03c5\u03b3\u03b1\u03c1\u03b9\u03ac\u03c2 \u03b5\u03af\u03bd\u03b1\u03b9 \u03b5\u03c0\u03af\u03c3\u03b7\u03c2 \u03b5\u03cd\u03ba\u03bf\u03bb\u03bf\u03c2 \u03c7\u03c1\u03b7\u03c3\u03b9\u03bc\u03bf\u03c0\u03bf\u03b9\u03ce\u03bd\u03c4\u03b1\u03c2 \u03ba\u03bf\u03c5\u03bc\u03c0\u03b9\u03ac \u03b1\u03c6\u03ae\u03c2 \u03ba\u03b1\u03b9 \u03b5\u03c5\u03b1\u03bd\u03ac\u03b3\u03bd\u03c9\u03c3\u03c4\u03b7 \u03bf\u03b8\u03cc\u03bd\u03b7 \u03bc\u03b5 \u03bf\u03c0\u03af\u03c3\u03b8\u03b9\u03bf \u03c6\u03c9\u03c4\u03b9\u03c3\u03bc\u03cc. \u0397 [&#8230;]","protected":false},"featured_media":26384,"template":"","meta":[],"product_brand":[531],"product_cat":[15],"product_tag":[],"class_list":{"0":"post-26383","1":"product","2":"type-product","3":"status-publish","4":"has-post-thumbnail","6":"product_brand-sencor","7":"product_cat-uncategorized","9":"first","10":"instock","11":"purchasable","12":"product-type-simple"},"_links":{"self":[{"href":"https:\/\/uat.atrade.gr\/en\/wp-json\/wp\/v2\/product\/26383","targetHints":{"allow":["GET"]}}],"collection":[{"href":"https:\/\/uat.atrade.gr\/en\/wp-json\/wp\/v2\/product"}],"about":[{"href":"https:\/\/uat.atrade.gr\/en\/wp-json\/wp\/v2\/types\/product"}],"wp:featuredmedia":[{"embeddable":true,"href":"https:\/\/uat.atrade.gr\/en\/wp-json\/wp\/v2\/media\/26384"}],"wp:attachment":[{"href":"https:\/\/uat.atrade.gr\/en\/wp-json\/wp\/v2\/media?parent=26383"}],"wp:term":[{"taxonomy":"product_brand","embeddable":true,"href":"https:\/\/uat.atrade.gr\/en\/wp-json\/wp\/v2\/product_brand?post=26383"},{"taxonomy":"product_cat","embeddable":true,"href":"https:\/\/uat.atrade.gr\/en\/wp-json\/wp\/v2\/product_cat?post=26383"},{"taxonomy":"product_tag","embeddable":true,"href":"https:\/\/uat.atrade.gr\/en\/wp-json\/wp\/v2\/product_tag?post=26383"}],"curies":[{"name":"wp","href":"https:\/\/api.w.org\/{rel}","templated":true}]}}