{"id":30327,"date":"2026-03-01T13:53:14","date_gmt":"2026-03-01T10:53:14","guid":{"rendered":"https:\/\/uat.atrade.gr\/product\/action-camera-sencor-3cam-2002-1920x1080-30fps-900-mah-2-tft-%ce%bf%ce%b8%cf%8c%ce%bd%ce%b7-%ce%ba%ce%b1%ce%b9-%ce%b1%ce%b4%ce%b9%ce%ac%ce%b2%cf%81%ce%bf%cf%87%ce%b7-%ce%b8%ce%ae%ce%ba%ce%b7\/"},"modified":"2026-03-01T13:53:20","modified_gmt":"2026-03-01T10:53:20","slug":"action-camera-sencor-3cam-2002-1920x1080-30fps-900-mah-2-tft-%ce%bf%ce%b8%cf%8c%ce%bd%ce%b7-%ce%ba%ce%b1%ce%b9-%ce%b1%ce%b4%ce%b9%ce%ac%ce%b2%cf%81%ce%bf%cf%87%ce%b7-%ce%b8%ce%ae%ce%ba%ce%b7","status":"publish","type":"product","link":"https:\/\/uat.atrade.gr\/en\/product\/action-camera-sencor-3cam-2002-1920x1080-30fps-900-mah-2-tft-%ce%bf%ce%b8%cf%8c%ce%bd%ce%b7-%ce%ba%ce%b1%ce%b9-%ce%b1%ce%b4%ce%b9%ce%ac%ce%b2%cf%81%ce%bf%cf%87%ce%b7-%ce%b8%ce%ae%ce%ba%ce%b7\/","title":{"rendered":"Action Camera Sencor 3CAM 2002 1920&#215;1080 30Fps 900 mAh 2&#8243; TFT \u039f\u03b8\u03cc\u03bd\u03b7 \u03ba\u03b1\u03b9 \u0391\u03b4\u03b9\u03ac\u03b2\u03c1\u03bf\u03c7\u03b7 \u0398\u03ae\u03ba\u03b7"},"content":{"rendered":"<p>\u0397 action camera SENCOR 3CAM 2002 \u03b5\u03af\u03bd\u03b1\u03b9 \u03c4\u03bf \u03b2\u03b1\u03c3\u03b9\u03ba\u03cc \u03bc\u03bf\u03bd\u03c4\u03ad\u03bb\u03bf \u03c4\u03b7\u03c2 \u03c3\u03b5\u03b9\u03c1\u03ac\u03c2 \u03c4\u03b7\u03c2 SENCOR. \u039c\u03c0\u03bf\u03c1\u03b5\u03af \u03bd\u03b1 \u03ba\u03b1\u03c4\u03b1\u03b3\u03c1\u03ac\u03c8\u03b5\u03b9 \u03b2\u03af\u03bd\u03c4\u03b5\u03bf \u03bc\u03b5 \u03b4\u03b9\u03b1\u03bc\u03bf\u03c1\u03c6\u03c9\u03bc\u03ad\u03bd\u03b7 \u03b1\u03bd\u03ac\u03bb\u03c5\u03c3\u03b7 FHD (1920&#215;1080) \u03c3\u03c4\u03b1 30 \u03ba\u03b1\u03c1\u03ad \u03b1\u03bd\u03ac \u03b4\u03b5\u03c5\u03c4\u03b5\u03c1\u03cc\u03bb\u03b5\u03c0\u03c4\u03bf \u03ba\u03b1\u03b9 \u03c3\u03b5 \u03b5\u03b3\u03b3\u03b5\u03bd\u03ae \u03b1\u03bd\u03ac\u03bb\u03c5\u03c3\u03b7 HD (1280&#215;720) \u03b2\u03af\u03bd\u03c4\u03b5\u03bf \u03c3\u03c4\u03b1 30 \u03ba\u03b1\u03c1\u03ad \u03b1\u03bd\u03ac \u03b4\u03b5\u03c5\u03c4\u03b5\u03c1\u03cc\u03bb\u03b5\u03c0\u03c4\u03bf. \u0397 \u03b1\u03b4\u03b9\u03ac\u03b2\u03c1\u03bf\u03c7\u03b7 \u03b8\u03ae\u03ba\u03b7 \u03c4\u03b7\u03c2, \u03bc\u03b5 \u03b4\u03c5\u03bd\u03b1\u03c4\u03cc\u03c4\u03b7\u03c4\u03b1 \u03ba\u03b1\u03c4\u03b1\u03b3\u03c1\u03b1\u03c6\u03ae\u03c2 \u03c5\u03c0\u03bf\u03b2\u03c1\u03cd\u03c7\u03b9\u03b1 \u03ad\u03c9\u03c2 30 \u03bc\u03ad\u03c4\u03c1\u03b1, \u03b5\u03af\u03bd\u03b1\u03b9 \u03b9\u03b4\u03b1\u03bd\u03b9\u03ba\u03ae \u03b3\u03b9\u03b1 \u03cc\u03bb\u03b5\u03c2 \u03c4\u03b9\u03c2 \u03b4\u03c1\u03b1\u03c3\u03c4\u03b7\u03c1\u03b9\u03cc\u03c4\u03b7\u03c4\u03b5\u03c2 \u03c3\u03c4\u03bf \u03bd\u03b5\u03c1\u03cc \u03ae \u03c3\u03b5 \u03b4\u03c5\u03c3\u03bc\u03b5\u03bd\u03b5\u03af\u03c2 \u03ba\u03b1\u03b9\u03c1\u03b9\u03ba\u03ad\u03c2 \u03c3\u03c5\u03bd\u03b8\u03ae\u03ba\u03b5\u03c2. \u03a3\u03c4\u03b7\u03bd \u03bf\u03b8\u03cc\u03bd\u03b7 \u03c4\u03c9\u03bd 2&#8243; \u03bc\u03c0\u03bf\u03c1\u03b5\u03af\u03c4\u03b5 \u03bd\u03b1 \u03c1\u03c5\u03b8\u03bc\u03af\u03c3\u03b5\u03c4\u03b5 \u03c4\u03b7\u03bd \u03b9\u03b4\u03b1\u03bd\u03b9\u03ba\u03ae \u03bb\u03b5\u03b9\u03c4\u03bf\u03c5\u03c1\u03b3\u03af\u03b1 \u03bb\u03ae\u03c8\u03b7\u03c2 \u03ae \u03bd\u03b1 \u03c0\u03c1\u03bf\u03b2\u03ac\u03bb\u03b5\u03c4\u03b5 \u03c4\u03b1 \u03b2\u03af\u03bd\u03c4\u03b5\u03bf \u03ba\u03b1\u03b9 \u03c4\u03b9\u03c2 \u03c6\u03c9\u03c4\u03bf\u03b3\u03c1\u03b1\u03c6\u03af\u03b5\u03c2 \u03c0\u03bf\u03c5 \u03ad\u03c7\u03b5\u03c4\u03b5 \u03ae\u03b4\u03b7 \u03c4\u03c1\u03b1\u03b2\u03ae\u03be\u03b5\u03b9. \u0397 \u03c3\u03c5\u03c3\u03ba\u03b5\u03c5\u03b1\u03c3\u03af\u03b1 \u03c0\u03b5\u03c1\u03b9\u03bb\u03b1\u03bc\u03b2\u03ac\u03bd\u03b5\u03b9 \u03b2\u03ac\u03c3\u03b7 \u03b3\u03b9\u03b1 \u03ba\u03c1\u03ac\u03bd\u03bf\u03c2 \u03ae \u03b6\u03ce\u03bd\u03b7 \u03ba\u03b1\u03b9 \u03c0\u03bf\u03bb\u03bb\u03ac \u03ac\u03bb\u03bb\u03b1 \u03b5\u03be\u03b1\u03c1\u03c4\u03ae\u03bc\u03b1\u03c4\u03b1 \u03c0\u03bf\u03c5 \u03c3\u03b1\u03c2 \u03b5\u03c0\u03b9\u03c4\u03c1\u03ad\u03c0\u03bf\u03c5\u03bd \u03bd\u03b1 \u03c0\u03c1\u03bf\u03c3\u03b1\u03c1\u03bc\u03cc\u03c3\u03b5\u03c4\u03b5 \u03c4\u03b7\u03bd \u03ba\u03ac\u03bc\u03b5\u03c1\u03b1 \u03b1\u03bd\u03ac\u03bb\u03bf\u03b3\u03b1 \u03bc\u03b5 \u03c4\u03b7\u03bd \u03b5\u03ba\u03ac\u03c3\u03c4\u03bf\u03c4\u03b5 \u03b1\u03bd\u03ac\u03b3\u03ba\u03b7. \u0394\u03b9\u03b1\u03b8\u03ad\u03c4\u03b5\u03b9 \u03ad\u03b3\u03c7\u03c1\u03c9\u03bc\u03b7 \u03bf\u03b8\u03cc\u03bd\u03b7 TFT 2&#8243;, \u03b1\u03bd\u03c4\u03bf\u03c7\u03ae \u03c3\u03c4\u03bf \u03bd\u03b5\u03c1\u03cc \u03ad\u03c9\u03c2 30 \u03bc\u03ad\u03c4\u03c1\u03b1 \u03ba\u03b1\u03b9 \u03c5\u03c8\u03b7\u03bb\u03ae \u03b4\u03c5\u03bd\u03b1\u03bc\u03b9\u03ba\u03ae \u03c0\u03b5\u03c1\u03b9\u03bf\u03c7\u03ae (WDR). \u0397 \u03b1\u03bd\u03ac\u03bb\u03c5\u03c3\u03b7 \u03b2\u03af\u03bd\u03c4\u03b5\u03bf \u03c0\u03b5\u03c1\u03b9\u03bb\u03b1\u03bc\u03b2\u03ac\u03bd\u03b5\u03b9 1920 \u00d7 1080 (30 FPS, AVI, interpolated), 1280 \u00d7 720 (30 FPS, AVI), 848 \u00d7 480 (30 FPS, AVI), \u03ba\u03b1\u03b9 640 \u00d7 480 (30 FPS, AVI). \u0397 \u03c6\u03c9\u03c4\u03bf\u03b3\u03c1\u03b1\u03c6\u03af\u03b1 \u03c5\u03c0\u03bf\u03c3\u03c4\u03b7\u03c1\u03af\u03b6\u03b5\u03b9 \u03b1\u03bd\u03ac\u03bb\u03c5\u03c3\u03b7 16\/12\/10\/8\/5\/3\/2\/1.3 MPx (JPEG). \u0386\u03bb\u03bb\u03b1 \u03c7\u03b1\u03c1\u03b1\u03ba\u03c4\u03b7\u03c1\u03b9\u03c3\u03c4\u03b9\u03ba\u03ac \u03c0\u03b5\u03c1\u03b9\u03bb\u03b1\u03bc\u03b2\u03ac\u03bd\u03bf\u03c5\u03bd \u03b3\u03c9\u03bd\u03af\u03b1 \u03b8\u03ad\u03b1\u03c3\u03b7\u03c2 120\u00b0, \u03b4\u03c5\u03bd\u03b1\u03c4\u03cc\u03c4\u03b7\u03c4\u03b1 \u03ba\u03b1\u03c4\u03b1\u03b3\u03c1\u03b1\u03c6\u03ae\u03c2 \u03b2\u03c1\u03cc\u03b3\u03c7\u03bf\u03c5, \u03c5\u03c0\u03bf\u03c3\u03c4\u03ae\u03c1\u03b9\u03be\u03b7 \u03ba\u03b1\u03c1\u03c4\u03ce\u03bd Micro SDHC \u03ad\u03c9\u03c2 32 GB (\u03c0\u03c9\u03bb\u03bf\u03cd\u03bd\u03c4\u03b1\u03b9 \u03be\u03b5\u03c7\u03c9\u03c1\u03b9\u03c3\u03c4\u03ac), \u03b5\u03bd\u03c3\u03c9\u03bc\u03b1\u03c4\u03c9\u03bc\u03ad\u03bd\u03bf \u03b7\u03c7\u03b5\u03af\u03bf, \u03bc\u03c0\u03b1\u03c4\u03b1\u03c1\u03af\u03b1 3.7 V\/900 mAh, Li-Ion, \u03ba\u03b1\u03b9 \u03b8\u03cd\u03c1\u03b1 Micro USB. \u039f\u03b9 \u03b4\u03b9\u03b1\u03c3\u03c4\u03ac\u03c3\u03b5\u03b9\u03c2 \u03c4\u03b7\u03c2 \u03ba\u03ac\u03bc\u03b5\u03c1\u03b1\u03c2 \u03b5\u03af\u03bd\u03b1\u03b9 59 \u00d7 42 \u00d7 30 mm \u03ba\u03b1\u03b9 \u03c4\u03bf \u03b2\u03ac\u03c1\u03bf\u03c2 \u03c4\u03b7\u03c2 \u03b5\u03af\u03bd\u03b1\u03b9 53 g. \u03a4\u03b1 \u03b1\u03be\u03b5\u03c3\u03bf\u03c5\u03ac\u03c1 \u03c0\u03b5\u03c1\u03b9\u03bb\u03b1\u03bc\u03b2\u03ac\u03bd\u03bf\u03c5\u03bd \u03bc\u03c0\u03b1\u03c4\u03b1\u03c1\u03af\u03b1, \u03b1\u03b4\u03b9\u03ac\u03b2\u03c1\u03bf\u03c7\u03b7 \u03b8\u03ae\u03ba\u03b7, \u03ba\u03b9\u03c4 \u03c3\u03c4\u03ae\u03c1\u03b9\u03be\u03b7\u03c2 \u03ba\u03c1\u03ac\u03bd\u03bf\u03c5\u03c2, \u03ba\u03b9\u03c4 \u03c3\u03c4\u03ae\u03c1\u03b9\u03be\u03b7\u03c2 \u03c7\u03c9\u03c1\u03af\u03c2 \u03c4\u03b7\u03bd \u03b1\u03b4\u03b9\u03ac\u03b2\u03c1\u03bf\u03c7\u03b7 \u03b8\u03ae\u03ba\u03b7, \u03ba\u03b9\u03c4 \u03c3\u03c4\u03ae\u03c1\u03b9\u03be\u03b7\u03c2 \u03b3\u03b9\u03b1 selfie stick \u03ae \u03c4\u03c1\u03af\u03c0\u03bf\u03b4\u03bf, \u03ba\u03b9\u03c4 \u03c3\u03c4\u03ae\u03c1\u03b9\u03be\u03b7\u03c2 \u03c4\u03b9\u03bc\u03bf\u03bd\u03b9\u03bf\u03cd \u03ae \u03ba\u03bf\u03bd\u03c4\u03b1\u03c1\u03b9\u03bf\u03cd, \u03c4\u03b1\u03b9\u03bd\u03af\u03b1 3M, \u03ba\u03b1\u03bb\u03ce\u03b4\u03b9\u03bf \u03b4\u03b5\u03b4\u03bf\u03bc\u03ad\u03bd\u03c9\u03bd USB, \u03c6\u03bf\u03c1\u03c4\u03b9\u03c3\u03c4\u03ae USB, \u03bf\u03b4\u03b7\u03b3\u03af\u03b5\u03c2 \u03ba\u03b1\u03b9 \u03c0\u03b1\u03bd\u03af \u03ba\u03b1\u03b8\u03b1\u03c1\u03b9\u03c3\u03bc\u03bf\u03cd.<\/p>","protected":false},"excerpt":{"rendered":"<p>\u0397 action camera SENCOR 3CAM 2002 \u03b5\u03af\u03bd\u03b1\u03b9 \u03c4\u03bf \u03b2\u03b1\u03c3\u03b9\u03ba\u03cc \u03bc\u03bf\u03bd\u03c4\u03ad\u03bb\u03bf \u03c4\u03b7\u03c2 \u03c3\u03b5\u03b9\u03c1\u03ac\u03c2 \u03c4\u03b7\u03c2 SENCOR. \u039c\u03c0\u03bf\u03c1\u03b5\u03af \u03bd\u03b1 \u03ba\u03b1\u03c4\u03b1\u03b3\u03c1\u03ac\u03c8\u03b5\u03b9 \u03b2\u03af\u03bd\u03c4\u03b5\u03bf \u03bc\u03b5 \u03b4\u03b9\u03b1\u03bc\u03bf\u03c1\u03c6\u03c9\u03bc\u03ad\u03bd\u03b7 \u03b1\u03bd\u03ac\u03bb\u03c5\u03c3\u03b7 FHD (1920&#215;1080) \u03c3\u03c4\u03b1 30 \u03ba\u03b1\u03c1\u03ad \u03b1\u03bd\u03ac \u03b4\u03b5\u03c5\u03c4\u03b5\u03c1\u03cc\u03bb\u03b5\u03c0\u03c4\u03bf \u03ba\u03b1\u03b9 \u03c3\u03b5 \u03b5\u03b3\u03b3\u03b5\u03bd\u03ae \u03b1\u03bd\u03ac\u03bb\u03c5\u03c3\u03b7 HD (1280&#215;720) \u03b2\u03af\u03bd\u03c4\u03b5\u03bf \u03c3\u03c4\u03b1 30 \u03ba\u03b1\u03c1\u03ad \u03b1\u03bd\u03ac \u03b4\u03b5\u03c5\u03c4\u03b5\u03c1\u03cc\u03bb\u03b5\u03c0\u03c4\u03bf. \u0397 \u03b1\u03b4\u03b9\u03ac\u03b2\u03c1\u03bf\u03c7\u03b7 \u03b8\u03ae\u03ba\u03b7 \u03c4\u03b7\u03c2, \u03bc\u03b5 \u03b4\u03c5\u03bd\u03b1\u03c4\u03cc\u03c4\u03b7\u03c4\u03b1 \u03ba\u03b1\u03c4\u03b1\u03b3\u03c1\u03b1\u03c6\u03ae\u03c2 \u03c5\u03c0\u03bf\u03b2\u03c1\u03cd\u03c7\u03b9\u03b1 \u03ad\u03c9\u03c2 30 \u03bc\u03ad\u03c4\u03c1\u03b1, \u03b5\u03af\u03bd\u03b1\u03b9 \u03b9\u03b4\u03b1\u03bd\u03b9\u03ba\u03ae \u03b3\u03b9\u03b1 \u03cc\u03bb\u03b5\u03c2 [&#8230;]","protected":false},"featured_media":30328,"template":"","meta":[],"product_brand":[531],"product_cat":[15],"product_tag":[],"class_list":{"0":"post-30327","1":"product","2":"type-product","3":"status-publish","4":"has-post-thumbnail","6":"product_brand-sencor","7":"product_cat-uncategorized","9":"first","10":"outofstock","11":"purchasable","12":"product-type-simple"},"_links":{"self":[{"href":"https:\/\/uat.atrade.gr\/en\/wp-json\/wp\/v2\/product\/30327","targetHints":{"allow":["GET"]}}],"collection":[{"href":"https:\/\/uat.atrade.gr\/en\/wp-json\/wp\/v2\/product"}],"about":[{"href":"https:\/\/uat.atrade.gr\/en\/wp-json\/wp\/v2\/types\/product"}],"wp:featuredmedia":[{"embeddable":true,"href":"https:\/\/uat.atrade.gr\/en\/wp-json\/wp\/v2\/media\/30328"}],"wp:attachment":[{"href":"https:\/\/uat.atrade.gr\/en\/wp-json\/wp\/v2\/media?parent=30327"}],"wp:term":[{"taxonomy":"product_brand","embeddable":true,"href":"https:\/\/uat.atrade.gr\/en\/wp-json\/wp\/v2\/product_brand?post=30327"},{"taxonomy":"product_cat","embeddable":true,"href":"https:\/\/uat.atrade.gr\/en\/wp-json\/wp\/v2\/product_cat?post=30327"},{"taxonomy":"product_tag","embeddable":true,"href":"https:\/\/uat.atrade.gr\/en\/wp-json\/wp\/v2\/product_tag?post=30327"}],"curies":[{"name":"wp","href":"https:\/\/api.w.org\/{rel}","templated":true}]}}